{"id":53,"date":"2026-04-17T15:41:25","date_gmt":"2026-04-17T13:41:25","guid":{"rendered":"https:\/\/678451.test-my-website.de\/?page_id=53"},"modified":"2026-04-17T16:32:24","modified_gmt":"2026-04-17T14:32:24","slug":"unsere-tagungen","status":"publish","type":"page","link":"https:\/\/www.infoipri.de\/?page_id=53","title":{"rendered":"Unsere Tagungen"},"content":{"rendered":"\n<div class=\"wp-block-group alignfull has-global-padding is-layout-constrained wp-block-group-is-layout-constrained\">\n<div style=\"height:50px\" aria-hidden=\"true\" class=\"wp-block-spacer\"><\/div>\n\n\n\n<p>Das Herzst\u00fcck unseres Wirkens zur Vernetzung zwischen den Bewerberkreisen der einzelnen Di\u00f6zesen Deutschlands, sowie zur Beratschlagung aktueller Themen aus der Pastoral und rund um die Ausbildungssituation der Bewerber:innen auf den Beruf &#8222;Pastoralreferent&#8220;, deren Bewerberkreise bei uns Mitglied sind, treffen wir uns <strong>einmal im Semester<\/strong> zu Tagungen. <\/p>\n\n\n\n<p>Auf diese Tagungen ist jedes unserer Mitgliedsbist\u00fcmer berechtigt Vertreter:innen gem\u00e4\u00df Satzung zu entsenden.<\/p>\n\n\n\n<div style=\"height:50px\" aria-hidden=\"true\" class=\"wp-block-spacer\"><\/div>\n<\/div>\n\n\n\n<div class=\"wp-block-group alignfull has-accent-3-background-color has-background has-global-padding is-layout-constrained wp-block-group-is-layout-constrained\">\n<div style=\"height:100px\" aria-hidden=\"true\" class=\"wp-block-spacer\"><\/div>\n\n\n\n<h2 class=\"wp-block-heading alignwide has-text-align-center has-xx-large-font-size\" style=\"line-height:1.2\">Unsere <strong>n\u00e4chste Tagung<\/strong> wird <em><strong>in Hamburg<\/strong><\/em> stattfinden.<\/h2>\n\n\n\n<p class=\"has-text-align-center\"><strong>26. \u2013 28. Juni 2026<\/strong><\/p>\n\n\n\n<div style=\"height:10px\" aria-hidden=\"true\" class=\"wp-block-spacer\"><\/div>\n\n\n\n<figure class=\"wp-block-image size-large is-style-rounded is-style-rounded--1\"><img loading=\"lazy\" decoding=\"async\" width=\"1024\" height=\"640\" src=\"http:\/\/678451.test-my-website.de\/wp-content\/uploads\/2026\/04\/claudio-testa-qpemSW6_1Z0-unsplash-1024x640.jpg\" alt=\"\" class=\"wp-image-18\" srcset=\"https:\/\/www.infoipri.de\/wp-content\/uploads\/2026\/04\/claudio-testa-qpemSW6_1Z0-unsplash-1024x640.jpg 1024w, https:\/\/www.infoipri.de\/wp-content\/uploads\/2026\/04\/claudio-testa-qpemSW6_1Z0-unsplash-300x188.jpg 300w, https:\/\/www.infoipri.de\/wp-content\/uploads\/2026\/04\/claudio-testa-qpemSW6_1Z0-unsplash-768x480.jpg 768w, https:\/\/www.infoipri.de\/wp-content\/uploads\/2026\/04\/claudio-testa-qpemSW6_1Z0-unsplash-1536x960.jpg 1536w, https:\/\/www.infoipri.de\/wp-content\/uploads\/2026\/04\/claudio-testa-qpemSW6_1Z0-unsplash-2048x1280.jpg 2048w\" sizes=\"auto, (max-width: 1024px) 100vw, 1024px\" \/><\/figure>\n\n\n\n<div style=\"height:10px\" aria-hidden=\"true\" class=\"wp-block-spacer\"><\/div>\n\n\n\n<p>Dabei werden wir uns u.a. folgenden Themen widmen:<\/p>\n\n\n\n<ul style=\"line-height:1.75\" class=\"wp-block-list is-style-checkmark-list\">\n<li>Innovative und \u201ebesondere\u201c Formen von Pastoral (Seemannsmission, Pastoral auf St. Pauli o.\u00e4.)<\/li>\n\n\n\n<li>Situation der Pastoral in der katholischen Diaspora<\/li>\n<\/ul>\n\n\n\n<div style=\"height:50px\" aria-hidden=\"true\" class=\"wp-block-spacer\"><\/div>\n\n\n\n<div class=\"wp-block-buttons is-layout-flex wp-block-buttons-is-layout-flex\">\n<div class=\"wp-block-button\"><a class=\"wp-block-button__link wp-element-button\" href=\"https:\/\/678451.test-my-website.de\/?page_id=48\">Kontaktiere uns, wenn du an der Tagung teilnehmen willst<\/a><\/div>\n<\/div>\n\n\n\n<div style=\"height:50px\" aria-hidden=\"true\" class=\"wp-block-spacer\"><\/div>\n<\/div>\n\n\n\n<div style=\"height:100px\" aria-hidden=\"true\" class=\"wp-block-spacer\"><\/div>\n\n\n\n<h2 class=\"wp-block-heading\">Vergangene Tagungen:<\/h2>\n\n\n<div  class=\"ultp-post-grid-block wp-block-ultimate-post-post-grid-6 ultp-block-806f4f\"><div class=\"ultp-block-wrapper\"><div class=\"ultp-loading\"><div class=\"ultp-loading-blocks\" style=\"width:100%;height:100%;\"><div style=\"left: 0;top: 0;animation-delay:0s;\"><\/div><div style=\"left: 21px;top: 0;animation-delay:0.125s;\"><\/div><div style=\"left: 42px;top: 0;animation-delay:0.25s;\"><\/div><div style=\"left: 0;top: 21px;animation-delay:0.875s;\"><\/div><div style=\"left: 42px;top: 21px;animation-delay:0.375s;\"><\/div><div style=\"left: 0;top: 42px;animation-delay:0.75s;\"><\/div><div style=\"left: 42px;top: 42px;animation-delay:0.625s;\"><\/div><div style=\"left: 21px;top: 42px;animation-delay:0.5s;\"><\/div><\/div><\/div><div class=\"ultp-block-items-wrap ultp-block-row ultp-layout1 ultp-block-content-false\"><div class=\"ultp-block-item post-id-59 ultp-block-item-0\"><div class=\"ultp-block-content-wrap ultp-block-content-overlay\"><div class=\"ultp-block-image ultp-block-image-zoomIn ultp-block-image-overlay ultp-block-image-simgleGradient\"><a href=\"https:\/\/www.infoipri.de\/?p=59\" ><img decoding=\"async\"   alt=\"Freiburg im Breisgau\" src=\"https:\/\/www.infoipri.de\/wp-content\/uploads\/2026\/04\/gruppenbild-freiburg-ipri.webp\" \/><\/a><\/div><div class=\"ultp-block-content ultp-block-content-bottomPosition\"><div class=\"ultp-block-content-inner\"><div class=\"ultp-category-grid ultp-category-classic ultp-category-aboveTitle\"><div class=\"ultp-category-in\"><a class=\"ultp-cat-tagungen\" href=\"https:\/\/www.infoipri.de\/?cat=5\"  >Tagungen<\/a><\/div><\/div><h3 class=\"ultp-block-title \"><a href=\"https:\/\/www.infoipri.de\/?p=59\" >Freiburg im Breisgau<\/a><\/h3><div class=\"ultp-block-meta ultp-block-meta-emptyspace ultp-block-meta-icon\"><span class=\"ultp-block-author ultp-block-meta-element\"><svg xmlns=\"http:\/\/www.w3.org\/2000\/svg\" fill=\"none\" viewBox=\"0 0 24 24\">\n  <circle cx=\"12\" cy=\"7\" r=\"4\" stroke=\"currentColor\" stroke-linejoin=\"round\" stroke-width=\"1.5\"\/>\n  <path stroke=\"currentColor\" stroke-linecap=\"round\" stroke-linejoin=\"round\" stroke-width=\"1.5\" d=\"M4 21v-3a4 4 0 0 1 4-4h8a4 4 0 0 1 4 4v3\"\/>\n<\/svg>\n<a class=\"\" href=\"https:\/\/www.infoipri.de\/?author=1\">IPRIVorstand<\/a><\/span><span class=\"ultp-block-date ultp-block-meta-element\"><svg xmlns=\"http:\/\/www.w3.org\/2000\/svg\" fill=\"none\" viewBox=\"0 0 24 24\">\n  <path stroke=\"currentColor\" stroke-linecap=\"round\" stroke-linejoin=\"round\" stroke-width=\"1.5\" d=\"M3 5.5a2 2 0 0 1 2-2h14a2 2 0 0 1 2 2v14a2 2 0 0 1-2 2H5a2 2 0 0 1-2-2v-14ZM8 2v3m8-3v3M3 9h18\"\/>\n<\/svg>\nNov. 9, 2025<\/span><\/div><div class=\"ultp-block-excerpt\"><p>Am vergangenen Wochenende trafen sich die Mitglieder der IPRI (Interessierte am Beruf Pastoralreferent\/in) in Freiburg im Breisgau zur Tagung im&hellip;<\/p>\n<\/div><div class=\"ultp-block-readmore\"><a aria-label=\"Freiburg im Breisgau\" href=\"https:\/\/www.infoipri.de\/?p=59\" >Read More<svg xmlns=\"http:\/\/www.w3.org\/2000\/svg\" fill=\"none\" viewBox=\"0 0 24 24\">\n  <path stroke=\"currentColor\" stroke-linecap=\"round\" stroke-linejoin=\"round\" stroke-width=\"1.5\" d=\"m12 20.5 8.5-8.5m0 0L12 3.5m8.5 8.5h-17\"\/>\n<\/svg>\n<\/a><\/div><\/div><\/div><\/div><\/div><div class=\"ultp-block-item post-id-61 ultp-block-item-1\"><div class=\"ultp-block-content-wrap ultp-block-content-overlay\"><div class=\"ultp-block-image ultp-block-image-zoomIn ultp-block-image-overlay ultp-block-image-simgleGradient\"><a href=\"https:\/\/www.infoipri.de\/?p=61\" ><img decoding=\"async\"   alt=\"Speyer\" src=\"https:\/\/www.infoipri.de\/wp-content\/uploads\/2026\/04\/GruppenbildSpeyer.avif\" \/><\/a><\/div><div class=\"ultp-block-content ultp-block-content-bottomPosition\"><div class=\"ultp-block-content-inner\"><h3 class=\"ultp-block-title \"><a href=\"https:\/\/www.infoipri.de\/?p=61\" >Speyer<\/a><\/h3><\/div><\/div><\/div><\/div><div class=\"ultp-block-item post-id-64 ultp-block-item-2\"><div class=\"ultp-block-content-wrap ultp-block-content-overlay\"><div class=\"ultp-block-image ultp-block-image-zoomIn ultp-block-image-overlay ultp-block-image-simgleGradient\"><a href=\"https:\/\/www.infoipri.de\/?p=64\" ><img decoding=\"async\"   alt=\"Augsburg\" src=\"https:\/\/www.infoipri.de\/wp-content\/uploads\/2026\/04\/GruppenbildAugsburg.jpg\" \/><\/a><\/div><div class=\"ultp-block-content ultp-block-content-bottomPosition\"><div class=\"ultp-block-content-inner\"><h3 class=\"ultp-block-title \"><a href=\"https:\/\/www.infoipri.de\/?p=64\" >Augsburg<\/a><\/h3><\/div><\/div><\/div><\/div><div class=\"ultp-block-item post-id-67 ultp-block-item-3\"><div class=\"ultp-block-content-wrap ultp-block-content-overlay\"><div class=\"ultp-block-image ultp-block-image-zoomIn ultp-block-image-overlay ultp-block-image-simgleGradient\"><a href=\"https:\/\/www.infoipri.de\/?p=67\" ><img decoding=\"async\"   alt=\"M\u00fcnster\" src=\"https:\/\/www.infoipri.de\/wp-content\/uploads\/2026\/04\/GruppenbildMuenster.webp\" \/><\/a><\/div><div class=\"ultp-block-content ultp-block-content-bottomPosition\"><div class=\"ultp-block-content-inner\"><h3 class=\"ultp-block-title \"><a href=\"https:\/\/www.infoipri.de\/?p=67\" >M\u00fcnster<\/a><\/h3><\/div><\/div><\/div><\/div><div class=\"ultp-block-item post-id-70 ultp-block-item-4\"><div class=\"ultp-block-content-wrap ultp-block-content-overlay\"><div class=\"ultp-block-image ultp-block-image-zoomIn ultp-block-image-overlay ultp-block-image-simgleGradient\"><a href=\"https:\/\/www.infoipri.de\/?p=70\" ><img decoding=\"async\"   alt=\"M\u00fcnchen\" src=\"https:\/\/www.infoipri.de\/wp-content\/uploads\/2026\/04\/GruppenbildMuenchen.avif\" \/><\/a><\/div><div class=\"ultp-block-content ultp-block-content-bottomPosition\"><div class=\"ultp-block-content-inner\"><h3 class=\"ultp-block-title \"><a href=\"https:\/\/www.infoipri.de\/?p=70\" >M\u00fcnchen<\/a><\/h3><\/div><\/div><\/div><\/div><\/div><\/div><div class=\"pagination-block-html\" aria-hidden=\"true\" style=\"display: none;\"><\/div><\/div>\n\n\n<div class=\"wp-block-buttons is-layout-flex wp-block-buttons-is-layout-flex\">\n<div class=\"wp-block-button\"><a class=\"wp-block-button__link wp-element-button\" href=\"https:\/\/678451.test-my-website.de\/?cat=5\">Mehr zu unseren letzten Tagungen erfahren<\/a><\/div>\n<\/div>\n\n\n\n<p><\/p>\n","protected":false},"excerpt":{"rendered":"<p>Das Herzst\u00fcck unseres Wirkens zur Vernetzung zwischen den Bewerberkreisen der einzelnen Di\u00f6zesen Deutschlands, sowie zur Beratschlagung aktueller Themen aus der Pastoral und rund um die Ausbildungssituation der Bewerber:innen auf den Beruf &#8222;Pastoralreferent&#8220;, deren Bewerberkreise bei uns Mitglied sind, treffen wir uns einmal im Semester zu Tagungen. Auf diese Tagungen ist jedes unserer Mitgliedsbist\u00fcmer berechtigt Vertreter:innen [&hellip;]<\/p>\n","protected":false},"author":1,"featured_media":0,"parent":0,"menu_order":0,"comment_status":"closed","ping_status":"closed","template":"","meta":{"footnotes":""},"class_list":["post-53","page","type-page","status-publish","hentry"],"_links":{"self":[{"href":"https:\/\/www.infoipri.de\/index.php?rest_route=\/wp\/v2\/pages\/53","targetHints":{"allow":["GET"]}}],"collection":[{"href":"https:\/\/www.infoipri.de\/index.php?rest_route=\/wp\/v2\/pages"}],"about":[{"href":"https:\/\/www.infoipri.de\/index.php?rest_route=\/wp\/v2\/types\/page"}],"author":[{"embeddable":true,"href":"https:\/\/www.infoipri.de\/index.php?rest_route=\/wp\/v2\/users\/1"}],"replies":[{"embeddable":true,"href":"https:\/\/www.infoipri.de\/index.php?rest_route=%2Fwp%2Fv2%2Fcomments&post=53"}],"version-history":[{"count":12,"href":"https:\/\/www.infoipri.de\/index.php?rest_route=\/wp\/v2\/pages\/53\/revisions"}],"predecessor-version":[{"id":108,"href":"https:\/\/www.infoipri.de\/index.php?rest_route=\/wp\/v2\/pages\/53\/revisions\/108"}],"wp:attachment":[{"href":"https:\/\/www.infoipri.de\/index.php?rest_route=%2Fwp%2Fv2%2Fmedia&parent=53"}],"curies":[{"name":"wp","href":"https:\/\/api.w.org\/{rel}","templated":true}]}}