{"id":41,"date":"2026-04-17T15:27:12","date_gmt":"2026-04-17T13:27:12","guid":{"rendered":"https:\/\/678451.test-my-website.de\/?page_id=41"},"modified":"2026-04-17T16:38:53","modified_gmt":"2026-04-17T14:38:53","slug":"ueber-uns","status":"publish","type":"page","link":"https:\/\/www.infoipri.de\/?page_id=41","title":{"rendered":"\u00dcber uns"},"content":{"rendered":"\n<div class=\"wp-block-group alignfull has-accent-3-background-color has-background has-global-padding is-layout-constrained wp-container-core-group-is-layout-669513ed wp-block-group-is-layout-constrained\" style=\"margin-top:0;margin-bottom:0;padding-top:var(--wp--preset--spacing--50);padding-right:var(--wp--preset--spacing--50);padding-bottom:var(--wp--preset--spacing--50);padding-left:var(--wp--preset--spacing--50)\">\n<div class=\"wp-block-columns alignwide is-layout-flex wp-container-core-columns-is-layout-1da03c2a wp-block-columns-is-layout-flex\">\n<div class=\"wp-block-column is-vertically-aligned-stretch is-layout-flow wp-block-column-is-layout-flow\" style=\"flex-basis:50%\">\n<div class=\"wp-block-group is-vertical is-content-justification-stretch is-layout-flex wp-container-core-group-is-layout-444d5ee8 wp-block-group-is-layout-flex\" style=\"min-height:100%\">\n<h2 class=\"wp-block-heading has-x-large-font-size\">Wer wir sind<\/h2>\n\n\n\n<p>Die IPRI ist der bundesweite Zusammenschluss von Interessierten- und Bewerber:innenkreisen (BWK) der deutschen (Erz-)Bist\u00fcmer. Unsere Aufgabe ist die deutschlandweite Vernetzung und Vertretung derjenigen Theologiestudierenden, die das Berufsziel Pastoralreferent:in haben.<\/p>\n\n\n\n<p>Wir treffen uns einmal pro Semester abwechselnd in jeweils einem der Bist\u00fcmer, um ins Gespr\u00e4ch zu kommen und das jeweilige (Erz-)Bistum besser kennenzulernen.&nbsp;<\/p>\n\n\n\n<p>Auf diesen Tagungen tauschen wir uns aus, \u00fcber die Entwicklungen in unseren BWKs und den mit uns verbundenen Gremien. Au\u00dferdem vertiefen wir ein aktuelles Thema und bilden f\u00fcr die Zeit bis zur n\u00e4chsten Zusammenkunft Arbeitsgruppen zu aktuellen Fragen und Projekten.<\/p>\n\n\n\n<div class=\"wp-block-group has-global-padding is-content-justification-left is-layout-constrained wp-container-core-group-is-layout-9fe8ed88 wp-block-group-is-layout-constrained\">\n<div class=\"wp-block-buttons is-layout-flex wp-block-buttons-is-layout-flex\">\n<div class=\"wp-block-button\"><a class=\"wp-block-button__link wp-element-button\">Impressum<\/a><\/div>\n<\/div>\n<\/div>\n<\/div>\n<\/div>\n\n\n\n<div class=\"wp-block-column is-vertically-aligned-center is-layout-flow wp-block-column-is-layout-flow\" style=\"flex-basis:50%\">\n<figure class=\"wp-block-image size-full is-style-rounded is-style-rounded--1\"><img loading=\"lazy\" decoding=\"async\" width=\"591\" height=\"799\" src=\"https:\/\/678451.test-my-website.de\/wp-content\/uploads\/2026\/04\/ipri-Karte.avif\" alt=\"\" class=\"wp-image-42\" style=\"aspect-ratio:3\/4;object-fit:cover\" srcset=\"https:\/\/www.infoipri.de\/wp-content\/uploads\/2026\/04\/ipri-Karte.avif 591w, https:\/\/www.infoipri.de\/wp-content\/uploads\/2026\/04\/ipri-Karte-222x300.avif 222w\" sizes=\"auto, (max-width: 591px) 100vw, 591px\" \/><\/figure>\n<\/div>\n<\/div>\n<\/div>\n\n\n\n<div class=\"wp-block-group alignfull has-global-padding is-layout-constrained wp-container-core-group-is-layout-669513ed wp-block-group-is-layout-constrained\" style=\"margin-top:0;margin-bottom:0;padding-top:var(--wp--preset--spacing--50);padding-right:var(--wp--preset--spacing--50);padding-bottom:var(--wp--preset--spacing--50);padding-left:var(--wp--preset--spacing--50)\">\n<div class=\"wp-block-group is-vertical is-content-justification-center is-layout-flex wp-container-core-group-is-layout-ce155fab wp-block-group-is-layout-flex\">\n<h2 class=\"wp-block-heading has-text-align-center has-xx-large-font-size\">Unser Vorstand<\/h2>\n\n\n\n<p class=\"has-text-align-center\">Wir sind f\u00fcr dich da!<\/p>\n<\/div>\n\n\n\n<div style=\"height:var(--wp--preset--spacing--30)\" aria-hidden=\"true\" class=\"wp-block-spacer\"><\/div>\n\n\n\n<div class=\"wp-block-columns alignwide is-layout-flex wp-container-core-columns-is-layout-4935966c wp-block-columns-is-layout-flex\" style=\"padding-right:0;padding-left:0\">\n<div class=\"wp-block-column is-layout-flow wp-block-column-is-layout-flow\">\n<figure class=\"wp-block-image size-full is-style-rounded is-style-rounded--2\"><img loading=\"lazy\" decoding=\"async\" width=\"1920\" height=\"2560\" src=\"http:\/\/678451.test-my-website.de\/wp-content\/uploads\/2026\/04\/PXL_20260330_162451695.MP_-scaled.jpg\" alt=\"\" class=\"wp-image-45\" style=\"aspect-ratio:1;object-fit:cover\" srcset=\"https:\/\/www.infoipri.de\/wp-content\/uploads\/2026\/04\/PXL_20260330_162451695.MP_-scaled.jpg 1920w, https:\/\/www.infoipri.de\/wp-content\/uploads\/2026\/04\/PXL_20260330_162451695.MP_-225x300.jpg 225w, https:\/\/www.infoipri.de\/wp-content\/uploads\/2026\/04\/PXL_20260330_162451695.MP_-768x1024.jpg 768w, https:\/\/www.infoipri.de\/wp-content\/uploads\/2026\/04\/PXL_20260330_162451695.MP_-1152x1536.jpg 1152w, https:\/\/www.infoipri.de\/wp-content\/uploads\/2026\/04\/PXL_20260330_162451695.MP_-1536x2048.jpg 1536w\" sizes=\"auto, (max-width: 1920px) 100vw, 1920px\" \/><\/figure>\n\n\n\n<div class=\"wp-block-group is-vertical is-content-justification-center is-nowrap is-layout-flex wp-container-core-group-is-layout-21d4e958 wp-block-group-is-layout-flex\">\n<p class=\"has-text-align-center has-small-font-size\"><strong>Florian Meidinger<\/strong><\/p>\n\n\n\n<p class=\"has-text-align-center has-small-font-size\">Vorsitzender \u2013 EB M\u00fcnchen-Freising<\/p>\n<\/div>\n<\/div>\n\n\n\n<div class=\"wp-block-column is-layout-flow wp-block-column-is-layout-flow\">\n<figure class=\"wp-block-image size-full is-style-rounded is-style-rounded--3\"><img loading=\"lazy\" decoding=\"async\" width=\"1024\" height=\"1024\" src=\"http:\/\/678451.test-my-website.de\/wp-content\/uploads\/2026\/04\/PortraetLeaVollrath.avif\" alt=\"\" class=\"wp-image-44\" style=\"aspect-ratio:1;object-fit:cover\" srcset=\"https:\/\/www.infoipri.de\/wp-content\/uploads\/2026\/04\/PortraetLeaVollrath.avif 1024w, https:\/\/www.infoipri.de\/wp-content\/uploads\/2026\/04\/PortraetLeaVollrath-300x300.avif 300w, https:\/\/www.infoipri.de\/wp-content\/uploads\/2026\/04\/PortraetLeaVollrath-150x150.avif 150w, https:\/\/www.infoipri.de\/wp-content\/uploads\/2026\/04\/PortraetLeaVollrath-768x768.avif 768w\" sizes=\"auto, (max-width: 1024px) 100vw, 1024px\" \/><\/figure>\n\n\n\n<div class=\"wp-block-group is-vertical is-content-justification-center is-nowrap is-layout-flex wp-container-core-group-is-layout-63bfd6c1 wp-block-group-is-layout-flex\">\n<p class=\"has-text-align-center has-small-font-size\"><strong>Lea Vollrath<\/strong><\/p>\n\n\n\n<p class=\"has-text-align-center has-small-font-size\">Vorsitzende \u2013 Erzbistum Freiburg<\/p>\n<\/div>\n<\/div>\n\n\n\n<div class=\"wp-block-column is-layout-flow wp-block-column-is-layout-flow\">\n<figure class=\"wp-block-image size-full is-style-rounded is-style-rounded--4\"><img loading=\"lazy\" decoding=\"async\" width=\"1360\" height=\"1920\" src=\"http:\/\/678451.test-my-website.de\/wp-content\/uploads\/2026\/04\/tsukiko-kiyomidzu-girl-2013447_1920.jpg\" alt=\"\" class=\"wp-image-43\" style=\"aspect-ratio:1;object-fit:cover\" srcset=\"https:\/\/www.infoipri.de\/wp-content\/uploads\/2026\/04\/tsukiko-kiyomidzu-girl-2013447_1920.jpg 1360w, https:\/\/www.infoipri.de\/wp-content\/uploads\/2026\/04\/tsukiko-kiyomidzu-girl-2013447_1920-213x300.jpg 213w, https:\/\/www.infoipri.de\/wp-content\/uploads\/2026\/04\/tsukiko-kiyomidzu-girl-2013447_1920-725x1024.jpg 725w, https:\/\/www.infoipri.de\/wp-content\/uploads\/2026\/04\/tsukiko-kiyomidzu-girl-2013447_1920-768x1084.jpg 768w, https:\/\/www.infoipri.de\/wp-content\/uploads\/2026\/04\/tsukiko-kiyomidzu-girl-2013447_1920-1088x1536.jpg 1088w\" sizes=\"auto, (max-width: 1360px) 100vw, 1360px\" \/><\/figure>\n\n\n\n<div class=\"wp-block-group is-vertical is-content-justification-center is-nowrap is-layout-flex wp-container-core-group-is-layout-21d4e958 wp-block-group-is-layout-flex\">\n<p class=\"has-text-align-center has-small-font-size\"><strong>Helene Schmidt<\/strong><\/p>\n\n\n\n<p class=\"has-text-align-center has-small-font-size\">Kassenwartin \u2013 Bistum Trier<\/p>\n<\/div>\n<\/div>\n<\/div>\n\n\n\n<div style=\"height:100px\" aria-hidden=\"true\" class=\"wp-block-spacer\"><\/div>\n<\/div>\n\n\n\n<div class=\"wp-block-group alignfull has-base-color has-contrast-background-color has-text-color has-background has-link-color wp-elements-3549766b9587156ab65e64034a160b8a has-global-padding is-layout-constrained wp-container-core-group-is-layout-d89aad35 wp-block-group-is-layout-constrained\" style=\"margin-top:0;margin-bottom:0;padding-top:var(--wp--preset--spacing--50);padding-right:var(--wp--preset--spacing--50);padding-bottom:var(--wp--preset--spacing--50);padding-left:var(--wp--preset--spacing--50)\">\n<h2 class=\"wp-block-heading alignwide has-base-color has-text-color has-link-color wp-elements-ac8011dc5ee9460a2284137fc29ac149\" style=\"font-size:clamp(4.509rem, 4.509rem + ((1vw - 0.2rem) * 9.152), 10rem);letter-spacing:-0.02em\">FAQ zur IPRI<\/h2>\n\n\n\n<div class=\"wp-block-group alignwide is-layout-flow wp-block-group-is-layout-flow\">\n<hr class=\"wp-block-separator has-text-color has-base-color has-alpha-channel-opacity has-base-background-color has-background is-style-wide\" style=\"margin-top:var(--wp--preset--spacing--30);margin-bottom:var(--wp--preset--spacing--30)\"\/>\n\n\n\n<h3 class=\"wp-block-heading alignwide has-base-2-color has-text-color has-link-color wp-elements-3dc2fdb84fc0c626d8b0f2c6a7f2c438\">Wer kann Mitglied der IPRI werden?<\/h3>\n\n\n\n<p class=\"has-contrast-1-color has-text-color has-link-color wp-elements-db173128b6d6bbb7d67737820d601801\">Ordentliche Mitglieder k\u00f6nnen laut Satzung Bewerber:innenkreise um die Anstellung als Pastoralreferent:in der deutschen katholischen Di\u00f6zesen werden. Au\u00dferordentliches Mitglied k\u00f6nnen auch Menschen werden, die die Ziele und Arbeit der IPRI unterst\u00fctzen wollen.<\/p>\n\n\n\n<hr class=\"wp-block-separator has-text-color has-base-color has-alpha-channel-opacity has-base-background-color has-background is-style-wide\" style=\"margin-top:var(--wp--preset--spacing--30);margin-bottom:var(--wp--preset--spacing--30)\"\/>\n\n\n\n<h3 class=\"wp-block-heading alignwide has-base-2-color has-text-color has-link-color wp-elements-1bc104a897393fe6a919f5317ef0f63d\">Wie kann ich \/ mein Bewerberkreis Mitglied der IPRI werden?<\/h3>\n\n\n\n<p class=\"has-contrast-1-color has-text-color has-link-color wp-elements-20bcd9b647ae60483226732804b5e1e2\">Prinzipiell ist eine einfache und formlose schriftliche Aufnahmebitte die Voraussetzung f\u00fcr eine Mitgliedschaft in der IPRI. Diese Aufnahme muss einen Verantwortlichen, sowie eine Rechnungsadresse, an die wir sp\u00e4ter dann die Rechnung f\u00fcr den Mitgliedsbeitrag schicken k\u00f6nnen, sowie eine eindeutige Willenserkl\u00e4rung \u00fcber den Beitritt enthalten.<\/p>\n\n\n\n<p class=\"has-contrast-1-color has-text-color has-link-color wp-elements-d616d648ae7fcf946902dfa7ccdcf2f4\"><a href=\"https:\/\/678451.test-my-website.de\/?page_id=48\" data-type=\"page\" data-id=\"48\">Schreib uns gerne einfach eine Nachricht<\/a> \u2013 wir werden mit dir dann alle Formalia f\u00fcr eine Aufnahme besprechen.<\/p>\n\n\n\n<hr class=\"wp-block-separator has-text-color has-base-color has-alpha-channel-opacity has-base-background-color has-background is-style-wide\" style=\"margin-top:var(--wp--preset--spacing--30);margin-bottom:var(--wp--preset--spacing--30)\"\/>\n\n\n\n<h3 class=\"wp-block-heading alignwide has-base-2-color has-text-color has-link-color wp-elements-16307312d9e4da0899394318a4d7a31d\">Wo finde ich die Satzung der IPRI oder andere offizielle Rechtsdokumente?<\/h3>\n\n\n\n<p class=\"has-contrast-1-color has-text-color has-link-color wp-elements-8dc84b0546e5a1d939d37e052e472a63\">Mehr zu unserer Satzung kannst du hier finden:<\/p>\n\n\n\n<div data-wp-interactive=\"core\/file\" class=\"wp-block-file\"><object data-wp-bind--hidden=\"!state.hasPdfPreview\" hidden class=\"wp-block-file__embed\" data=\"https:\/\/678451.test-my-website.de\/wp-content\/uploads\/2026\/04\/ipri-satzung.pdf\" type=\"application\/pdf\" style=\"width:100%;height:600px\" aria-label=\"Einbettung von ipri-satzung.\"><\/object><a id=\"wp-block-file--media-abea89df-b603-443f-9d6c-cadd7361b48a\" href=\"https:\/\/678451.test-my-website.de\/wp-content\/uploads\/2026\/04\/ipri-satzung.pdf\">ipri-satzung<\/a><a href=\"https:\/\/678451.test-my-website.de\/wp-content\/uploads\/2026\/04\/ipri-satzung.pdf\" class=\"wp-block-file__button wp-element-button\" download aria-describedby=\"wp-block-file--media-abea89df-b603-443f-9d6c-cadd7361b48a\">Herunterladen<\/a><\/div>\n\n\n\n<hr class=\"wp-block-separator has-text-color has-base-color has-alpha-channel-opacity has-base-background-color has-background is-style-wide\" style=\"margin-top:var(--wp--preset--spacing--30);margin-bottom:var(--wp--preset--spacing--30)\"\/>\n\n\n\n<h3 class=\"wp-block-heading alignwide has-base-2-color has-text-color has-link-color wp-elements-28e01f1966635c8ab7f784b0a23fc0ac\">Wie erreiche ich euch?<\/h3>\n\n\n\n<p class=\"has-contrast-1-color has-text-color has-link-color wp-elements-873a9a0f12c42a8de3083638c124baa2\">Wie du uns erreichst, findest du <a href=\"https:\/\/678451.test-my-website.de\/?page_id=48\" data-type=\"page\" data-id=\"48\">hier<\/a>.<\/p>\n\n\n\n<div style=\"margin-top:var(--wp--preset--spacing--10);margin-bottom:0;height:var(--wp--preset--spacing--10)\" aria-hidden=\"true\" class=\"wp-block-spacer\"><\/div>\n<\/div>\n<\/div>\n","protected":false},"excerpt":{"rendered":"<p>Wer wir sind Die IPRI ist der bundesweite Zusammenschluss von Interessierten- und Bewerber:innenkreisen (BWK) der deutschen (Erz-)Bist\u00fcmer. Unsere Aufgabe ist die deutschlandweite Vernetzung und Vertretung derjenigen Theologiestudierenden, die das Berufsziel Pastoralreferent:in haben. Wir treffen uns einmal pro Semester abwechselnd in jeweils einem der Bist\u00fcmer, um ins Gespr\u00e4ch zu kommen und das jeweilige (Erz-)Bistum besser kennenzulernen.&nbsp; [&hellip;]<\/p>\n","protected":false},"author":1,"featured_media":0,"parent":0,"menu_order":0,"comment_status":"closed","ping_status":"closed","template":"","meta":{"footnotes":""},"class_list":["post-41","page","type-page","status-publish","hentry"],"_links":{"self":[{"href":"https:\/\/www.infoipri.de\/index.php?rest_route=\/wp\/v2\/pages\/41","targetHints":{"allow":["GET"]}}],"collection":[{"href":"https:\/\/www.infoipri.de\/index.php?rest_route=\/wp\/v2\/pages"}],"about":[{"href":"https:\/\/www.infoipri.de\/index.php?rest_route=\/wp\/v2\/types\/page"}],"author":[{"embeddable":true,"href":"https:\/\/www.infoipri.de\/index.php?rest_route=\/wp\/v2\/users\/1"}],"replies":[{"embeddable":true,"href":"https:\/\/www.infoipri.de\/index.php?rest_route=%2Fwp%2Fv2%2Fcomments&post=41"}],"version-history":[{"count":4,"href":"https:\/\/www.infoipri.de\/index.php?rest_route=\/wp\/v2\/pages\/41\/revisions"}],"predecessor-version":[{"id":112,"href":"https:\/\/www.infoipri.de\/index.php?rest_route=\/wp\/v2\/pages\/41\/revisions\/112"}],"wp:attachment":[{"href":"https:\/\/www.infoipri.de\/index.php?rest_route=%2Fwp%2Fv2%2Fmedia&parent=41"}],"curies":[{"name":"wp","href":"https:\/\/api.w.org\/{rel}","templated":true}]}}